{"id":3304,"date":"2014-12-02T19:22:21","date_gmt":"2014-12-02T19:22:21","guid":{"rendered":"http:\/\/themes.goodlayers.com\/thekeynote\/?page_id=3304"},"modified":"2025-03-19T16:02:03","modified_gmt":"2025-03-19T13:02:03","slug":"homepage","status":"publish","type":"page","link":"https:\/\/www.afsta.org\/congress\/language\/en\/homepage\/","title":{"rendered":"Congress 2025 Presentations"},"content":{"rendered":"\t\t<div data-elementor-type=\"wp-page\" data-elementor-id=\"3304\" class=\"elementor elementor-3304\">\n\t\t\t\t<div class=\"elementor-element elementor-element-a76c3f1 e-flex e-con-boxed e-con e-parent\" data-id=\"a76c3f1\" data-element_type=\"container\" data-settings=\"{&quot;ekit_has_onepagescroll_dot&quot;:&quot;yes&quot;}\">\n\t\t\t\t\t<div class=\"e-con-inner\">\n\t\t\t\t<div class=\"elementor-element elementor-element-5fa5bd75 elementor-widget elementor-widget-text-editor\" data-id=\"5fa5bd75\" data-element_type=\"widget\" data-settings=\"{&quot;ekit_we_effect_on&quot;:&quot;none&quot;}\" data-widget_type=\"text-editor.default\">\n\t\t\t\t<div class=\"elementor-widget-container\">\n\t\t\t<style>\/*! elementor - v3.23.0 - 05-08-2024 *\/\n.elementor-widget-text-editor.elementor-drop-cap-view-stacked .elementor-drop-cap{background-color:#69727d;color:#fff}.elementor-widget-text-editor.elementor-drop-cap-view-framed .elementor-drop-cap{color:#69727d;border:3px solid;background-color:transparent}.elementor-widget-text-editor:not(.elementor-drop-cap-view-default) .elementor-drop-cap{margin-top:8px}.elementor-widget-text-editor:not(.elementor-drop-cap-view-default) .elementor-drop-cap-letter{width:1em;height:1em}.elementor-widget-text-editor .elementor-drop-cap{float:left;text-align:center;line-height:1;font-size:50px}.elementor-widget-text-editor .elementor-drop-cap-letter{display:inline-block}<\/style>\t\t\t\t<!-- wp:paragraph -->\n<h4><strong>Congress 2025 Presentations<\/strong><\/h4>\n<!-- \/wp:paragraph -->\t\t\t\t\t\t<\/div>\n\t\t\t\t<\/div>\n\t\t\t\t\t<\/div>\n\t\t\t\t<\/div>\n\t\t<div class=\"elementor-element elementor-element-961a262 e-flex e-con-boxed e-con e-parent\" data-id=\"961a262\" data-element_type=\"container\" data-settings=\"{&quot;ekit_has_onepagescroll_dot&quot;:&quot;yes&quot;}\">\n\t\t\t\t\t<div class=\"e-con-inner\">\n\t\t\t\t<div class=\"elementor-element elementor-element-bb522a0 elementor-widget elementor-widget-text-editor\" data-id=\"bb522a0\" data-element_type=\"widget\" data-settings=\"{&quot;ekit_we_effect_on&quot;:&quot;none&quot;}\" data-widget_type=\"text-editor.default\">\n\t\t\t\t<div class=\"elementor-widget-container\">\n\t\t\t\t\t\t\t<!-- wp:paragraph -->\n<p>\u00a0Dear AFSTA Delegate,<\/p>\n<p>On behalf of the AFSTA Secretariat, we extend our heartfelt gratitude for your participation in the AFSTA Congress 2025, held from March 3-5 at the Serena Kigali Hotel. Your presence and engagement contributed to the success of this milestone event as we celebrated 25 years of AFSTA\u2019s impact on the seed industry.<\/p>\n<p>To access the presentations from the three days, please use the following links:\ud83d\udccc\u00a0<strong>Day 1 Presentations:<\/strong>\u00a0<\/p>\n<p><a href=\"https:\/\/afsta1-my.sharepoint.com\/:v:\/g\/personal\/charles_afsta_org\/EaUGfjzITbxKo2SdmhE25EQBcds0CslHt-omACbhYrdd2Q?e=h9i5qi\">Video for AFSTA@25<\/a><a href=\"https:\/\/apsaseed-my.sharepoint.com\/:v:\/g\/personal\/francine_sayoc_apsaseed_org\/ERHpZ_Rbd6VErYDlF-PIaNoBnbTEGYR2WG1GZSylKug62w?e=p7VUlG&amp;nav=eyJyZWZlcnJhbEluZm8iOnsicmVmZXJyYWxBcHAiOiJTdHJlYW1XZWJBcHAiLCJyZWZlcnJhbFZpZXciOiJTaGFyZURpYWxvZy1MaW5rIiwicmVmZXJyYWxBcHBQbGF0Zm9ybSI6IldlYiIsInJlZmVycmFsTW9kZSI6InZpZXcifX0%3D\"><br \/><\/a><a href=\"https:\/\/afsta1-my.sharepoint.com\/:b:\/g\/personal\/charles_afsta_org\/ESOv0sYsG9hDgOCgqh9gmAAB1p4llzKe5IPHnvZzL9IqLQ?e=JXoWd7\">Rica Seed Centre Presentation<\/a><\/p>\n<p>\ud83d\udccc\u00a0<strong>Day 2 Presentations:<\/strong>\u00a0<\/p>\n<p><a href=\"https:\/\/afsta1-my.sharepoint.com\/:b:\/g\/personal\/catherine_afsta_org\/ETFJN82g7KJPiGSekfdu9cABcB2jBDpbSslNPZenTwMLEw\">AVBC Presentation.pdf<\/a><\/p>\n<p><a href=\"https:\/\/afsta1-my.sharepoint.com\/:b:\/g\/personal\/catherine_afsta_org\/EXhpWCEle11KlR_Dy79WG50BpPQ2G7nx1bQqH85-cDMCjg\">TAAT ACLBC Presentation.pdf<\/a><\/p>\n<p><a href=\"https:\/\/afsta1-my.sharepoint.com\/:b:\/g\/personal\/catherine_afsta_org\/EcPvghKlvn9Dtil74xEFBfQBtZ_vXEJm8guTXqPP6h1WcQ\">AUDA NEPAD presentation.pdf<\/a><\/p>\n<p><a href=\"https:\/\/afsta1-my.sharepoint.com\/:b:\/g\/personal\/catherine_afsta_org\/Ec5Hn-v5-aFEgZNc-jkEsIUBhrCiSJLCCvLc7sLsp9znmQ\">CGIAR Presentation.pdf<\/a><\/p>\n<p><a href=\"https:\/\/afsta1-my.sharepoint.com\/:b:\/g\/personal\/catherine_afsta_org\/EeUUhBl2lH9GhKz-7mNa7kgBwsnKf21JkiB1LAClyvvk_g\"><u>AFSTA Strategic presentation.pdf<\/u><\/a><\/p>\n<p><a href=\"https:\/\/afsta1-my.sharepoint.com\/:b:\/g\/personal\/catherine_afsta_org\/EdtIRxjpPR5Dh2DF6QIWtVIBuGChAUF6nNC7Fz4m7axMSQ\">EUROSEEDS presentation.pdf<\/a><\/p>\n<p><a href=\"https:\/\/afsta1-my.sharepoint.com\/:b:\/g\/personal\/catherine_afsta_org\/EQjYxO3mJahBjaaRDJYakmQBqYYhcNooVN925b6l-BKPEg\">SANSOR presentation.pdf<\/a><\/p>\n<p><a href=\"https:\/\/afsta1-my.sharepoint.com\/:b:\/g\/personal\/catherine_afsta_org\/EaW0h0BQ5RNCuhH5jySzynkBUkhlWHCjMX8-4gq2E5-uHQ\">Ethiopian Seed Association presentation.pdf<\/a><\/p>\n<p>\ud83d\udccc\u00a0<strong>Day 3 Presentations:<\/strong>\u00a0<\/p>\n<p><a href=\"https:\/\/afsta1-my.sharepoint.com\/:b:\/g\/personal\/catherine_afsta_org\/EbW8QmA3LiVKhh_DsllGC5ABogY3GmuxG2UM53UkwOopSg\">ECOWAS_CORAF presentation.pdf<\/a><\/p>\n<p><a href=\"https:\/\/afsta1-my.sharepoint.com\/:b:\/g\/personal\/catherine_afsta_org\/ET9zMB9lSkxBozTY0415VjgBBSKvob8hbAJzYAmcOYAMfg\">COMESA COMSHIP presentation.pdf<\/a><\/p>\n<p><a href=\"https:\/\/afsta1-my.sharepoint.com\/:b:\/g\/personal\/catherine_afsta_org\/EcQR2gxV1rZJo6G6IO5kE7cBdDOeteif35_evnZkYitDtQ\">RWANDA NPPO presentation.pdf<\/a><\/p>\n<p><a href=\"https:\/\/afsta1-my.sharepoint.com\/:b:\/g\/personal\/catherine_afsta_org\/EdY6Sz6hCuBEmk1Rdc-IwW8BMGQ4DgkIA4FIBNrbPlgBmw\">ISTA eCertificates presentation.pdf<\/a><\/p>\n<p>\u00a0APSA presentation-20250218_145540-Meeting Recording.mp4<\/p>\n<p><a href=\"https:\/\/afsta1-my.sharepoint.com\/:b:\/r\/personal\/charles_afsta_org\/Documents\/Congress%202025%20Rwanda%20documents\/Presentatons\/KAMANO%20SEED%20LIMITED-RWANDA%20PPT-CEO%2003.03.2025-1%20(1).pdf?e=4%3a5f91331467354d3eb9d0bd9058a753e1&amp;web=1&amp;sharingv2=true&amp;fromShare=true&amp;at=9\">Women&#8217;s Luncheon Presentation<\/a><\/p>\n<p>We appreciate your continued support and look forward to seeing you at future AFSTA events!<\/p>\n<p><strong>Best regards,<\/strong><\/p>\n<p>AFSTA Secretariat<\/p>\n<p>\u00a0<\/p>\n<p>====<\/p>\n<p>Cher d\u00e9l\u00e9gu\u00e9 de l&#8217;AFSTA,<\/p>\n<p>Au nom du Secr\u00e9tariat de l&#8217;AFSTA, nous vous exprimons notre profonde gratitude pour votre participation au Congr\u00e8s de l&#8217;AFSTA 2025, <strong>qui <\/strong><strong>s\u2019est tenu<\/strong> du 3 au 5 mars \u00e0 l&#8217;h\u00f4tel Serena Kigali. Votre pr\u00e9sence et votre engagement ont contribu\u00e9 au succ\u00e8s de cet \u00e9v\u00e9nement marquant la c\u00e9l\u00e9bration des 25 ans de l&#8217;AFSTA.<\/p>\n<p>Pour acc\u00e9der aux pr\u00e9sentations des trois jours, veuillez utiliser les liens suivants :<\/p>\n<p><br \/>\ud83d\udccc <strong>Pr\u00e9sentations du jour 1 : <\/strong><\/p>\n<p><a href=\"https:\/\/afsta1-my.sharepoint.com\/:v:\/g\/personal\/charles_afsta_org\/EaUGfjzITbxKo2SdmhE25EQBcds0CslHt-omACbhYrdd2Q?e=h9i5qi\">Video for AFSTA@25<\/a><\/p>\n<p><a href=\"https:\/\/afsta1-my.sharepoint.com\/:b:\/g\/personal\/charles_afsta_org\/ESOv0sYsG9hDgOCgqh9gmAAB1p4llzKe5IPHnvZzL9IqLQ?e=JXoWd7\">Rica Seed Centre Presentation<\/a><\/p>\n<p>\ud83d\udccc <strong>Pr\u00e9sentations du jour 2 : <\/strong><\/p>\n<p><a href=\"https:\/\/afsta1-my.sharepoint.com\/:b:\/g\/personal\/catherine_afsta_org\/ETFJN82g7KJPiGSekfdu9cABcB2jBDpbSslNPZenTwMLEw\">AVBC Presentation.pdf<\/a><\/p>\n<p><a href=\"https:\/\/afsta1-my.sharepoint.com\/:b:\/g\/personal\/catherine_afsta_org\/EXhpWCEle11KlR_Dy79WG50BpPQ2G7nx1bQqH85-cDMCjg\">TAAT ACLBC Presentation.pdf<\/a><\/p>\n<p><a href=\"https:\/\/afsta1-my.sharepoint.com\/:b:\/g\/personal\/catherine_afsta_org\/EcPvghKlvn9Dtil74xEFBfQBtZ_vXEJm8guTXqPP6h1WcQ\">AUDA NEPAD presentation.pdf<\/a><\/p>\n<p><a href=\"https:\/\/afsta1-my.sharepoint.com\/:b:\/g\/personal\/catherine_afsta_org\/Ec5Hn-v5-aFEgZNc-jkEsIUBhrCiSJLCCvLc7sLsp9znmQ\">CGIAR Presentation.pdf<\/a><\/p>\n<p><a href=\"https:\/\/afsta1-my.sharepoint.com\/:b:\/g\/personal\/catherine_afsta_org\/EeUUhBl2lH9GhKz-7mNa7kgBwsnKf21JkiB1LAClyvvk_g\"><u>presentation.pdf strat\u00e9gique de l&#8217;AFSTA<\/u><\/a><\/p>\n<p><a href=\"https:\/\/afsta1-my.sharepoint.com\/:b:\/g\/personal\/catherine_afsta_org\/EdtIRxjpPR5Dh2DF6QIWtVIBuGChAUF6nNC7Fz4m7axMSQ\">EUROSEEDS presentation.pdf<\/a><\/p>\n<p><a href=\"https:\/\/afsta1-my.sharepoint.com\/:b:\/g\/personal\/catherine_afsta_org\/EQjYxO3mJahBjaaRDJYakmQBqYYhcNooVN925b6l-BKPEg\">SANSOR presentation.pdf<\/a><\/p>\n<p><a href=\"https:\/\/afsta1-my.sharepoint.com\/:b:\/g\/personal\/catherine_afsta_org\/EaW0h0BQ5RNCuhH5jySzynkBUkhlWHCjMX8-4gq2E5-uHQ\">Association \u00e9thiopienne des semences presentation.pdf<\/a><\/p>\n<p>\u00a0<\/p>\n<p>\ud83d\udccc <strong>Pr\u00e9sentations du jour 3 : <\/strong><\/p>\n<p><a href=\"https:\/\/afsta1-my.sharepoint.com\/:b:\/g\/personal\/catherine_afsta_org\/EbW8QmA3LiVKhh_DsllGC5ABogY3GmuxG2UM53UkwOopSg\">ECOWAS_CORAF presentation.pdf<\/a><\/p>\n<p><a href=\"https:\/\/afsta1-my.sharepoint.com\/:b:\/g\/personal\/catherine_afsta_org\/ET9zMB9lSkxBozTY0415VjgBBSKvob8hbAJzYAmcOYAMfg\">COMESA COMSHIP presentation.pdf<\/a><\/p>\n<p><a href=\"https:\/\/afsta1-my.sharepoint.com\/:b:\/g\/personal\/catherine_afsta_org\/EcQR2gxV1rZJo6G6IO5kE7cBdDOeteif35_evnZkYitDtQ\">RWANDA ONPV presentation.pdf<\/a><\/p>\n<p><a href=\"https:\/\/afsta1-my.sharepoint.com\/:b:\/g\/personal\/catherine_afsta_org\/EdY6Sz6hCuBEmk1Rdc-IwW8BMGQ4DgkIA4FIBNrbPlgBmw\">ISTA eCertificates presentation.pdf<\/a><\/p>\n<p>\u00a0APSA presentation-20250218_145540-Meeting Recording.mp4<\/p>\n<p><a href=\"https:\/\/afsta1-my.sharepoint.com\/:b:\/r\/personal\/charles_afsta_org\/Documents\/Congress%202025%20Rwanda%20documents\/Presentatons\/KAMANO%20SEED%20LIMITED-RWANDA%20PPT-CEO%2003.03.2025-1%20(1).pdf?e=4%3a5f91331467354d3eb9d0bd9058a753e1&amp;web=1&amp;sharingv2=true&amp;fromShare=true&amp;at=9\">Women&#8217;s Luncheon Presentation<\/a><\/p>\n<p>\u00a0<\/p>\n<p>Nous appr\u00e9cions votre soutien continu et avons h\u00e2te de vous voir lors des futurs \u00e9v\u00e9nements de l&#8217;AFSTA !<\/p>\n<!-- \/wp:paragraph -->\t\t\t\t\t\t<\/div>\n\t\t\t\t<\/div>\n\t\t\t\t\t<\/div>\n\t\t\t\t<\/div>\n\t\t\t\t<\/div>\n\t\t","protected":false},"excerpt":{"rendered":"<p>Congress 2025 Presentations &nbsp;Dear AFSTA Delegate, On behalf of the AFSTA Secretariat, we extend our heartfelt gratitude for your participation in the AFSTA Congress 2025, held from March 3-5 at the Serena Kigali Hotel. Your presence and engagement contributed to the success of this milestone event as we celebrated 25 years of AFSTA\u2019s impact on [&hellip;]<\/p>\n","protected":false},"author":2,"featured_media":3762,"parent":0,"menu_order":0,"comment_status":"closed","ping_status":"closed","template":"page-template\/custom-home-page.php","meta":{"postBodyMargin":[],"postBodyPadding":[],"postBodyBackground":{"backgroundType":"classic","gradient":""},"footnotes":""},"class_list":["post-3304","page","type-page","status-publish","has-post-thumbnail","hentry"],"_links":{"self":[{"href":"https:\/\/www.afsta.org\/congress\/wp-json\/wp\/v2\/pages\/3304","targetHints":{"allow":["GET"]}}],"collection":[{"href":"https:\/\/www.afsta.org\/congress\/wp-json\/wp\/v2\/pages"}],"about":[{"href":"https:\/\/www.afsta.org\/congress\/wp-json\/wp\/v2\/types\/page"}],"author":[{"embeddable":true,"href":"https:\/\/www.afsta.org\/congress\/wp-json\/wp\/v2\/users\/2"}],"replies":[{"embeddable":true,"href":"https:\/\/www.afsta.org\/congress\/wp-json\/wp\/v2\/comments?post=3304"}],"version-history":[{"count":26,"href":"https:\/\/www.afsta.org\/congress\/wp-json\/wp\/v2\/pages\/3304\/revisions"}],"predecessor-version":[{"id":10388,"href":"https:\/\/www.afsta.org\/congress\/wp-json\/wp\/v2\/pages\/3304\/revisions\/10388"}],"wp:featuredmedia":[{"embeddable":true,"href":"https:\/\/www.afsta.org\/congress\/wp-json\/wp\/v2\/media\/3762"}],"wp:attachment":[{"href":"https:\/\/www.afsta.org\/congress\/wp-json\/wp\/v2\/media?parent=3304"}],"curies":[{"name":"wp","href":"https:\/\/api.w.org\/{rel}","templated":true}]}}