{"id":7399,"date":"2023-11-28T12:52:48","date_gmt":"2023-11-28T09:52:48","guid":{"rendered":"https:\/\/www.afsta.org\/congress\/?page_id=7399"},"modified":"2025-02-02T08:48:51","modified_gmt":"2025-02-02T05:48:51","slug":"sinscrire-au-congres","status":"publish","type":"page","link":"https:\/\/www.afsta.org\/congress\/language\/fr\/sinscrire-au-congres\/","title":{"rendered":"S&#8217;inscrire au congr\u00e8s"},"content":{"rendered":"\t\t<div data-elementor-type=\"wp-page\" data-elementor-id=\"7399\" class=\"elementor elementor-7399\">\n\t\t\t\t\t\t<section class=\"elementor-section elementor-top-section elementor-element elementor-element-35d69bc0 elementor-section-boxed elementor-section-height-default elementor-section-height-default\" data-id=\"35d69bc0\" data-element_type=\"section\" id=\"xs_pricing_2\" data-settings=\"{&quot;background_background&quot;:&quot;classic&quot;,&quot;ekit_has_onepagescroll_dot&quot;:&quot;yes&quot;}\">\n\t\t\t\t\t\t<div class=\"elementor-container elementor-column-gap-default\">\n\t\t\t\t\t<div class=\"elementor-column elementor-col-100 elementor-top-column elementor-element elementor-element-31565b10\" data-id=\"31565b10\" data-element_type=\"column\">\n\t\t\t<div class=\"elementor-widget-wrap elementor-element-populated\">\n\t\t\t\t\t\t<section class=\"elementor-section elementor-inner-section elementor-element elementor-element-557333d9 elementor-section-boxed elementor-section-height-default elementor-section-height-default\" data-id=\"557333d9\" data-element_type=\"section\" data-settings=\"{&quot;ekit_has_onepagescroll_dot&quot;:&quot;yes&quot;}\">\n\t\t\t\t\t\t<div class=\"elementor-container elementor-column-gap-default\">\n\t\t\t\t\t<div class=\"elementor-column elementor-col-25 elementor-inner-column elementor-element elementor-element-2d37ed9f\" data-id=\"2d37ed9f\" data-element_type=\"column\">\n\t\t\t<div class=\"elementor-widget-wrap elementor-element-populated\">\n\t\t\t\t\t\t<div class=\"elementor-element elementor-element-2205251f elementor-invisible elementor-widget elementor-widget-elementskit-pricing\" data-id=\"2205251f\" data-element_type=\"widget\" data-settings=\"{&quot;_animation&quot;:&quot;wobble&quot;,&quot;ekit_we_effect_on&quot;:&quot;none&quot;}\" data-widget_type=\"elementskit-pricing.default\">\n\t\t\t\t<div class=\"elementor-widget-container\">\n\t\t\t<div class=\"ekit-wid-con\" >\n\n        <div class=\"elementskit-single-pricing d-flex flex-column\" >\n            <div class=\"elementskit-pricing-header \">\n\t\t\t\t\t\t\t\t\n\t\t\t\t                \t<h3\t\t\t\t\tclass=\" elementskit-pricing-title\">Membre de l&#039;AFSTA\t\t\t\t\t<\/h3>\n\t\t\t\t\t\t\t\t            <\/div>\n\t\t\t            <div class=\" elementskit-pricing-price-wraper has-tag \">\n                <div class=\"elementskit-pricing-tag\"><\/div>\n                <span class=\"elementskit-pricing-price\">\n\t\t\t\t\t\t\t\t\t\t\t<sup class=\"currency\">Membre <\/sup>\n\t\t\t\t\t\t\t\t\t\t<span>$730<\/span>\n\t\t\t\t\t\n\t\t\t\t\t\t\t\t\t\t<sub class=\"period\">de l&#039;AFSTA<\/sub>\n\t\t\t\t\t\t\t\t\t<\/span>\n            <\/div>\n\t\t\t            <div class=\"elementskit-pricing-content \">\n\n                                    <p> Lien d'inscription pour les membres de l'AFSTA<\/p>\n                                            <\/div>\n            <div class=\"elementskit-pricing-btn-wraper \">\n\t\t\t\t<a href=\"https:\/\/www.afsta.org\/congress\/events\/afsta-congress-2024-2\/\" class=\"elementskit-pricing-btn  ekit-pricing-btn-icon-pos-left\" >\n\t\t\t\t\tRegistre\t\t\t\t<\/a>\n            <\/div>\n        <\/div>\n\n    <\/div>\t\t<\/div>\n\t\t\t\t<\/div>\n\t\t\t\t\t<\/div>\n\t\t<\/div>\n\t\t\t\t<div class=\"elementor-column elementor-col-25 elementor-inner-column elementor-element elementor-element-180bf786\" data-id=\"180bf786\" data-element_type=\"column\">\n\t\t\t<div class=\"elementor-widget-wrap elementor-element-populated\">\n\t\t\t\t\t\t<div class=\"elementor-element elementor-element-6225ced8 elementor-invisible elementor-widget elementor-widget-elementskit-pricing\" data-id=\"6225ced8\" data-element_type=\"widget\" data-settings=\"{&quot;_animation&quot;:&quot;bounceIn&quot;,&quot;ekit_we_effect_on&quot;:&quot;none&quot;}\" data-widget_type=\"elementskit-pricing.default\">\n\t\t\t\t<div class=\"elementor-widget-container\">\n\t\t\t<div class=\"ekit-wid-con\" >\n\n        <div class=\"elementskit-single-pricing \" >\n            <div class=\"elementskit-pricing-header \">\n\t\t\t\t\t\t\t\t\n\t\t\t\t                \t<h3\t\t\t\t\tclass=\" elementskit-pricing-title\">Non membre\t\t\t\t\t<\/h3>\n\t\t\t\t\t\t\t\t            <\/div>\n\t\t\t            <div class=\" elementskit-pricing-price-wraper has-tag \">\n                <div class=\"elementskit-pricing-tag\"><\/div>\n                <span class=\"elementskit-pricing-price\">\n\t\t\t\t\t\t\t\t\t\t\t<sup class=\"currency\">Non <\/sup>\n\t\t\t\t\t\t\t\t\t\t<span>$1,250<\/span>\n\t\t\t\t\t\n\t\t\t\t\t\t\t\t\t\t<sub class=\"period\">membre<\/sub>\n\t\t\t\t\t\t\t\t\t<\/span>\n            <\/div>\n\t\t\t            <div class=\"elementskit-pricing-content \">\n\n                                    <p> Lien d'inscription pour les non-membres de l'AFSTA<\/p>\n                                            <\/div>\n            <div class=\"elementskit-pricing-btn-wraper \">\n\t\t\t\t<a href=\"https:\/\/www.afsta.org\/congress\/events\/afsta-congress-2024\" class=\"elementskit-pricing-btn  ekit-pricing-btn-icon-pos-left\" >\n\t\t\t\t\tRegistre\t\t\t\t<\/a>\n            <\/div>\n        <\/div>\n\n    <\/div>\t\t<\/div>\n\t\t\t\t<\/div>\n\t\t\t\t\t<\/div>\n\t\t<\/div>\n\t\t\t\t<div class=\"elementor-column elementor-col-25 elementor-inner-column elementor-element elementor-element-b3791ee\" data-id=\"b3791ee\" data-element_type=\"column\">\n\t\t\t<div class=\"elementor-widget-wrap elementor-element-populated\">\n\t\t\t\t\t\t<div class=\"elementor-element elementor-element-16d0afd8 elementor-invisible elementor-widget elementor-widget-elementskit-pricing\" data-id=\"16d0afd8\" data-element_type=\"widget\" data-settings=\"{&quot;_animation&quot;:&quot;slideInDown&quot;,&quot;ekit_we_effect_on&quot;:&quot;none&quot;}\" data-widget_type=\"elementskit-pricing.default\">\n\t\t\t\t<div class=\"elementor-widget-container\">\n\t\t\t<div class=\"ekit-wid-con\" >\n\n        <div class=\"elementskit-single-pricing \" >\n            <div class=\"elementskit-pricing-header \">\n\t\t\t\t\t\t\t\t\n\t\t\t\t                \t<h3\t\t\t\t\tclass=\" elementskit-pricing-title\">Fonctionnaire d&#039;Etat\t\t\t\t\t<\/h3>\n\t\t\t\t\t\t\t\t            <\/div>\n\t\t\t            <div class=\" elementskit-pricing-price-wraper has-tag \">\n                <div class=\"elementskit-pricing-tag\"><\/div>\n                <span class=\"elementskit-pricing-price\">\n\t\t\t\t\t\t\t\t\t\t\t<sup class=\"currency\">Fonctionnaire<\/sup>\n\t\t\t\t\t\t\t\t\t\t<span>$450<\/span>\n\t\t\t\t\t\n\t\t\t\t\t\t\t\t\t\t<sub class=\"period\">d&#039;Etat<\/sub>\n\t\t\t\t\t\t\t\t\t<\/span>\n            <\/div>\n\t\t\t            <div class=\"elementskit-pricing-content \">\n\n                                    <p> Inscription des fonctionnaires du gouvernement Rwandaise<\/p>\n                                            <\/div>\n            <div class=\"elementskit-pricing-btn-wraper \">\n\t\t\t\t<a href=\"https:\/\/www.afsta.org\/congress\/events\/afsta-congress-2024-4\/\" class=\"elementskit-pricing-btn  ekit-pricing-btn-icon-pos-left\" >\n\t\t\t\t\tRegistre\t\t\t\t<\/a>\n            <\/div>\n        <\/div>\n\n    <\/div>\t\t<\/div>\n\t\t\t\t<\/div>\n\t\t\t\t\t<\/div>\n\t\t<\/div>\n\t\t\t\t<div class=\"elementor-column elementor-col-25 elementor-inner-column elementor-element elementor-element-fba3028\" data-id=\"fba3028\" data-element_type=\"column\">\n\t\t\t<div class=\"elementor-widget-wrap elementor-element-populated\">\n\t\t\t\t\t\t<div class=\"elementor-element elementor-element-52db16c4 elementor-invisible elementor-widget elementor-widget-elementskit-pricing\" data-id=\"52db16c4\" data-element_type=\"widget\" data-settings=\"{&quot;_animation&quot;:&quot;lightSpeedIn&quot;,&quot;ekit_we_effect_on&quot;:&quot;none&quot;}\" data-widget_type=\"elementskit-pricing.default\">\n\t\t\t\t<div class=\"elementor-widget-container\">\n\t\t\t<div class=\"ekit-wid-con\" >\n\n        <div class=\"elementskit-single-pricing \" >\n            <div class=\"elementskit-pricing-header \">\n\t\t\t\t\t\t\t\t\n\t\t\t\t                \t<h3\t\t\t\t\tclass=\" elementskit-pricing-title\">Invit\u00e9\t\t\t\t\t<\/h3>\n\t\t\t\t\t\t\t\t            <\/div>\n\t\t\t            <div class=\" elementskit-pricing-price-wraper has-tag \">\n                <div class=\"elementskit-pricing-tag\"><\/div>\n                <span class=\"elementskit-pricing-price\">\n\t\t\t\t\t\t\t\t\t\t\t<sup class=\"currency\">Invit\u00e9<\/sup>\n\t\t\t\t\t\t\t\t\t\t<span>.<\/span>\n\t\t\t\t\t\n\t\t\t\t\t\t\t\t\t<\/span>\n            <\/div>\n\t\t\t            <div class=\"elementskit-pricing-content \">\n\n                                    <p> Lien d'inscription pour les invit\u00e9s<\/p>\n                                            <\/div>\n            <div class=\"elementskit-pricing-btn-wraper \">\n\t\t\t\t<a href=\"https:\/\/www.afsta.org\/congress\/events\/afsta-congress-2024-3\/\" class=\"elementskit-pricing-btn  ekit-pricing-btn-icon-pos-left\" >\n\t\t\t\t\tRegistre\t\t\t\t<\/a>\n            <\/div>\n        <\/div>\n\n    <\/div>\t\t<\/div>\n\t\t\t\t<\/div>\n\t\t\t\t\t<\/div>\n\t\t<\/div>\n\t\t\t\t\t<\/div>\n\t\t<\/section>\n\t\t\t\t\t<\/div>\n\t\t<\/div>\n\t\t\t\t\t<\/div>\n\t\t<\/section>\n\t\t\t\t<\/div>\n\t\t","protected":false},"excerpt":{"rendered":"<p>Membre de l&#039;AFSTA Membre $730 de l&#039;AFSTA Lien d&#8217;inscription pour les membres de l&#8217;AFSTA Registre Non membre Non $1,250 membre Lien d&#8217;inscription pour les non-membres de l&#8217;AFSTA Registre Fonctionnaire d&#039;Etat Fonctionnaire $450 d&#039;Etat Inscription des fonctionnaires du gouvernement Rwandaise Registre Invit\u00e9 Invit\u00e9 . Lien d&#8217;inscription pour les invit\u00e9s Registre<\/p>\n","protected":false},"author":24,"featured_media":0,"parent":0,"menu_order":0,"comment_status":"closed","ping_status":"closed","template":"","meta":{"postBodyMargin":[],"postBodyPadding":[],"postBodyBackground":{"backgroundType":"classic","gradient":""},"footnotes":""},"class_list":["post-7399","page","type-page","status-publish","hentry"],"_links":{"self":[{"href":"https:\/\/www.afsta.org\/congress\/wp-json\/wp\/v2\/pages\/7399","targetHints":{"allow":["GET"]}}],"collection":[{"href":"https:\/\/www.afsta.org\/congress\/wp-json\/wp\/v2\/pages"}],"about":[{"href":"https:\/\/www.afsta.org\/congress\/wp-json\/wp\/v2\/types\/page"}],"author":[{"embeddable":true,"href":"https:\/\/www.afsta.org\/congress\/wp-json\/wp\/v2\/users\/24"}],"replies":[{"embeddable":true,"href":"https:\/\/www.afsta.org\/congress\/wp-json\/wp\/v2\/comments?post=7399"}],"version-history":[{"count":31,"href":"https:\/\/www.afsta.org\/congress\/wp-json\/wp\/v2\/pages\/7399\/revisions"}],"predecessor-version":[{"id":10105,"href":"https:\/\/www.afsta.org\/congress\/wp-json\/wp\/v2\/pages\/7399\/revisions\/10105"}],"wp:attachment":[{"href":"https:\/\/www.afsta.org\/congress\/wp-json\/wp\/v2\/media?parent=7399"}],"curies":[{"name":"wp","href":"https:\/\/api.w.org\/{rel}","templated":true}]}}